{"id":815,"date":"2021-03-17T08:00:08","date_gmt":"2021-03-17T07:00:08","guid":{"rendered":"https:\/\/www.rebbon.sk\/o-znacce\/"},"modified":"2021-03-17T08:00:08","modified_gmt":"2021-03-17T07:00:08","slug":"o-znacce","status":"publish","type":"page","link":"https:\/\/www.rebbon.sk\/cz\/o-znacce\/","title":{"rendered":"O zna\u010dce"},"content":{"rendered":"<div id=\"pl-815\"  class=\"panel-layout\" ><div id=\"pg-815-0\"  class=\"panel-grid panel-no-style\" ><div id=\"pgc-815-0-0\"  class=\"panel-grid-cell\" ><div id=\"panel-815-0-0-0\" class=\"so-panel widget widget_sow-editor panel-first-child panel-last-child\" data-index=\"0\" ><div class=\"so-widget-sow-editor so-widget-sow-editor-base\">\n<div class=\"siteorigin-widget-tinymce textwidget\">\n\t<div>\n<h2><span class=\"jlqj4b\">Na\u0161e produkty charakterizuje vysok\u00e1 kvalita. <\/span><\/h2>\n<p><span class=\"jlqj4b\">Jejich spektrum se sna\u017e\u00edme st\u00e1le roz\u0161i\u0159ovat a zdokonalovat. Lepic\u00ed p\u00e1ska mus\u00ed vyhovovat po\u017eadavk\u016fm \u00fakolu a mus\u00ed spl\u0148ovat sv\u016fj zam\u00fd\u0161len\u00fd \u00fa\u010del, aby byla dobrou lepic\u00ed p\u00e1skou. <\/span><\/p>\n<\/div>\n<div>\n<p>&nbsp;<\/p>\n<\/div>\n<\/div>\n<\/div><\/div><\/div><div id=\"pgc-815-0-1\"  class=\"panel-grid-cell\" ><div id=\"panel-815-0-1-0\" class=\"so-panel widget widget_sow-image panel-first-child panel-last-child\" data-index=\"1\" ><div class=\"so-widget-sow-image so-widget-sow-image-default-d6014b76747a\">\n\n<div class=\"sow-image-container\">\n\t<img loading=\"lazy\" decoding=\"async\" src=\"https:\/\/www.rebbon.sk\/wp-content\/uploads\/2021\/03\/interior-has-armchair-empty-white-wall-background.jpg\" width=\"2000\" height=\"1500\" srcset=\"https:\/\/www.rebbon.sk\/wp-content\/uploads\/2021\/03\/interior-has-armchair-empty-white-wall-background.jpg 2000w, https:\/\/www.rebbon.sk\/wp-content\/uploads\/2021\/03\/interior-has-armchair-empty-white-wall-background-300x225.jpg 300w, https:\/\/www.rebbon.sk\/wp-content\/uploads\/2021\/03\/interior-has-armchair-empty-white-wall-background-1024x768.jpg 1024w, https:\/\/www.rebbon.sk\/wp-content\/uploads\/2021\/03\/interior-has-armchair-empty-white-wall-background-768x576.jpg 768w, https:\/\/www.rebbon.sk\/wp-content\/uploads\/2021\/03\/interior-has-armchair-empty-white-wall-background-1536x1152.jpg 1536w, https:\/\/www.rebbon.sk\/wp-content\/uploads\/2021\/03\/interior-has-armchair-empty-white-wall-background-480x360.jpg 480w, https:\/\/www.rebbon.sk\/wp-content\/uploads\/2021\/03\/interior-has-armchair-empty-white-wall-background-992x744.jpg 992w, https:\/\/www.rebbon.sk\/wp-content\/uploads\/2021\/03\/interior-has-armchair-empty-white-wall-background-1200x900.jpg 1200w\" sizes=\"auto, (max-width: 2000px) 100vw, 2000px\" title=\"The interior has a armchair on empty white wall background,3D rendering\" alt=\"\" \t\tclass=\"so-widget-image\"\/>\n<\/div>\n\n<\/div><\/div><\/div><\/div><div id=\"pg-815-1\"  class=\"panel-grid panel-has-style\" ><div class=\"panel-row-style panel-row-style-for-815-1\" ><div id=\"pgc-815-1-0\"  class=\"panel-grid-cell\" ><div id=\"panel-815-1-0-0\" class=\"so-panel widget widget_sow-image panel-first-child panel-last-child\" data-index=\"2\" ><div class=\"so-widget-sow-image so-widget-sow-image-default-d6014b76747a\">\n\n<div class=\"sow-image-container\">\n\t<img loading=\"lazy\" decoding=\"async\" src=\"https:\/\/www.rebbon.sk\/wp-content\/uploads\/2021\/03\/Group-26-1.jpg\" width=\"1173\" height=\"714\" srcset=\"https:\/\/www.rebbon.sk\/wp-content\/uploads\/2021\/03\/Group-26-1.jpg 1173w, https:\/\/www.rebbon.sk\/wp-content\/uploads\/2021\/03\/Group-26-1-300x183.jpg 300w, https:\/\/www.rebbon.sk\/wp-content\/uploads\/2021\/03\/Group-26-1-1024x623.jpg 1024w, https:\/\/www.rebbon.sk\/wp-content\/uploads\/2021\/03\/Group-26-1-768x467.jpg 768w, https:\/\/www.rebbon.sk\/wp-content\/uploads\/2021\/03\/Group-26-1-480x292.jpg 480w, https:\/\/www.rebbon.sk\/wp-content\/uploads\/2021\/03\/Group-26-1-992x604.jpg 992w\" sizes=\"auto, (max-width: 1173px) 100vw, 1173px\" title=\"Group-26\" alt=\"\" \t\tclass=\"so-widget-image\"\/>\n<\/div>\n\n<\/div><\/div><\/div><div id=\"pgc-815-1-1\"  class=\"panel-grid-cell\" ><div id=\"panel-815-1-1-0\" class=\"so-panel widget widget_sow-editor panel-first-child panel-last-child\" data-index=\"3\" ><div class=\"so-widget-sow-editor so-widget-sow-editor-base\">\n<div class=\"siteorigin-widget-tinymce textwidget\">\n\t<div>\n<p><strong><span class=\"jlqj4b\">Pro profesion\u00e1ly nab\u00edz\u00edme vysoce kvalitn\u00ed lepic\u00ed p\u00e1sky, kter\u00e9 usnad\u0148uj\u00ed ka\u017edodenn\u00ed pr\u00e1ci \u0159emesln\u00edk\u016f a p\u0159in\u00e1\u0161ej\u00ed nejlep\u0161\u00ed mo\u017en\u00e9 v\u00fdsledky a spokojen\u00e9 klienty. <\/span><\/strong><\/p>\n<p><span class=\"jlqj4b\">Optimalizuj\u00ed procesy, spl\u0148uj\u00ed vysok\u00e9 po\u017eadavky a pr\u016fmyslov\u00e9 standardy. Na\u0161\u00edm c\u00edlem je v\u017edy zefektivnit pracovn\u00ed procesy a u\u0161et\u0159it tak \u010das i pen\u00edze na\u0161ich klient\u016f.<\/span><\/p>\n<\/div>\n<div>\n<h3><\/h3>\n<\/div>\n<\/div>\n<\/div><\/div><\/div><\/div><\/div><div id=\"pg-815-2\"  class=\"panel-grid panel-no-style\" ><div id=\"pgc-815-2-0\"  class=\"panel-grid-cell panel-grid-cell-empty\" ><\/div><div id=\"pgc-815-2-1\"  class=\"panel-grid-cell panel-grid-cell-mobile-last\" ><div id=\"panel-815-2-1-0\" class=\"so-panel widget widget_sow-editor panel-first-child panel-last-child\" data-index=\"4\" ><div class=\"so-widget-sow-editor so-widget-sow-editor-base\">\n<div class=\"siteorigin-widget-tinymce textwidget\">\n\t<h3 style=\"text-align: center;\"><span class=\"jlqj4b\">P\u0159in\u00e1\u0161\u00edme \u0159e\u0161en\u00ed maskov\u00e1n\u00ed povrch\u016f nejen pro profesion\u00e1ly, ale i pro dom\u00e1cnosti. Jsou cenn\u00fdm a spolehliv\u00fdm pomocn\u00edkem v ka\u017edodenn\u00edch situac\u00edch, kter\u00e9ho snadno zvl\u00e1dnete.<\/span><\/h3>\n<\/div>\n<\/div><\/div><\/div><div id=\"pgc-815-2-2\"  class=\"panel-grid-cell panel-grid-cell-empty\" ><\/div><\/div><\/div>","protected":false},"excerpt":{"rendered":"<p>Na\u0161e produkty charakterizuje vysok\u00e1 kvalita. Jejich spektrum se sna\u017e\u00edme st\u00e1le roz\u0161i\u0159ovat a zdokonalovat. Lepic\u00ed p\u00e1ska mus\u00ed vyhovovat po\u017eadavk\u016fm \u00fakolu a mus\u00ed spl\u0148ovat sv\u016fj zam\u00fd\u0161len\u00fd \u00fa\u010del, aby byla dobrou lepic\u00ed p\u00e1skou. &nbsp; Pro profesion\u00e1ly nab\u00edz\u00edme vysoce kvalitn\u00ed lepic\u00ed p\u00e1sky, kter\u00e9 usnad\u0148uj\u00ed ka\u017edodenn\u00ed pr\u00e1ci \u0159emesln\u00edk\u016f a p\u0159in\u00e1\u0161ej\u00ed nejlep\u0161\u00ed mo\u017en\u00e9 v\u00fdsledky a spokojen\u00e9 klienty. Optimalizuj\u00ed procesy, spl\u0148uj\u00ed vysok\u00e9 [&hellip;]<\/p>\n","protected":false},"author":3,"featured_media":661,"parent":0,"menu_order":0,"comment_status":"closed","ping_status":"closed","template":"","meta":{"footnotes":""},"class_list":["post-815","page","type-page","status-publish","has-post-thumbnail","hentry"],"yoast_head":"<!-- This site is optimized with the Yoast SEO plugin v16.0.1 - https:\/\/yoast.com\/wordpress\/plugins\/seo\/ -->\n<meta name=\"description\" content=\"Maskovac\u00ed p\u00e1sky Rebbon charakterizuje vysok\u00e1 kvalita a jejich produktov\u00e9 spektrum neust\u00e1le roz\u0161i\u0159ujeme a zlep\u0161ujeme.\" \/>\n<link rel=\"canonical\" href=\"https:\/\/www.rebbon.sk\/cz\/o-znacce\/\" \/>\n<meta property=\"og:locale\" content=\"en_US\" \/>\n<meta property=\"og:type\" content=\"article\" \/>\n<meta property=\"og:title\" content=\"O zna\u010dce - Rebbon\u00ae\" \/>\n<meta property=\"og:description\" content=\"Maskovac\u00ed p\u00e1sky Rebbon charakterizuje vysok\u00e1 kvalita a jejich produktov\u00e9 spektrum neust\u00e1le roz\u0161i\u0159ujeme a zlep\u0161ujeme.\" \/>\n<meta property=\"og:url\" content=\"https:\/\/www.rebbon.sk\/cz\/o-znacce\/\" \/>\n<meta property=\"og:site_name\" content=\"Rebbon\u00ae\" \/>\n<meta property=\"og:image\" content=\"https:\/\/www.rebbon.sk\/wp-content\/uploads\/2021\/03\/the-interior-has-a-yellow-armchair-on-empty-gray-wall.jpg\" \/>\n\t<meta property=\"og:image:width\" content=\"2000\" \/>\n\t<meta property=\"og:image:height\" content=\"1125\" \/>\n<meta name=\"twitter:card\" content=\"summary_large_image\" \/>\n<script type=\"application\/ld+json\" class=\"yoast-schema-graph\">{\"@context\":\"https:\/\/schema.org\",\"@graph\":[{\"@type\":\"WebSite\",\"@id\":\"https:\/\/www.rebbon.sk\/cz\/#website\",\"url\":\"https:\/\/www.rebbon.sk\/cz\/\",\"name\":\"Rebbon\\u00ae\",\"description\":\"\",\"potentialAction\":[{\"@type\":\"SearchAction\",\"target\":\"https:\/\/www.rebbon.sk\/cz\/?s={search_term_string}\",\"query-input\":\"required name=search_term_string\"}],\"inLanguage\":\"cz-CZ\"},{\"@type\":\"ImageObject\",\"@id\":\"https:\/\/www.rebbon.sk\/cz\/o-znacce\/#primaryimage\",\"inLanguage\":\"cz-CZ\",\"url\":\"https:\/\/www.rebbon.sk\/wp-content\/uploads\/2021\/03\/the-interior-has-a-yellow-armchair-on-empty-gray-wall.jpg\",\"width\":2000,\"height\":1125},{\"@type\":\"WebPage\",\"@id\":\"https:\/\/www.rebbon.sk\/cz\/o-znacce\/#webpage\",\"url\":\"https:\/\/www.rebbon.sk\/cz\/o-znacce\/\",\"name\":\"O zna\\u010dce - Rebbon\\u00ae\",\"isPartOf\":{\"@id\":\"https:\/\/www.rebbon.sk\/cz\/#website\"},\"primaryImageOfPage\":{\"@id\":\"https:\/\/www.rebbon.sk\/cz\/o-znacce\/#primaryimage\"},\"datePublished\":\"2021-03-17T07:00:08+00:00\",\"dateModified\":\"2021-03-17T07:00:08+00:00\",\"description\":\"Maskovac\\u00ed p\\u00e1sky Rebbon charakterizuje vysok\\u00e1 kvalita a jejich produktov\\u00e9 spektrum neust\\u00e1le roz\\u0161i\\u0159ujeme a zlep\\u0161ujeme.\",\"breadcrumb\":{\"@id\":\"https:\/\/www.rebbon.sk\/cz\/o-znacce\/#breadcrumb\"},\"inLanguage\":\"cz-CZ\",\"potentialAction\":[{\"@type\":\"ReadAction\",\"target\":[\"https:\/\/www.rebbon.sk\/cz\/o-znacce\/\"]}]},{\"@type\":\"BreadcrumbList\",\"@id\":\"https:\/\/www.rebbon.sk\/cz\/o-znacce\/#breadcrumb\",\"itemListElement\":[{\"@type\":\"ListItem\",\"position\":1,\"item\":{\"@type\":\"WebPage\",\"@id\":\"https:\/\/www.rebbon.sk\/cz\/o-znacce\/\",\"url\":\"https:\/\/www.rebbon.sk\/cz\/o-znacce\/\",\"name\":\"O zna\\u010dce\"}}]}]}<\/script>\n<!-- \/ Yoast SEO plugin. -->","_links":{"self":[{"href":"https:\/\/www.rebbon.sk\/cz\/wp-json\/wp\/v2\/pages\/815","targetHints":{"allow":["GET"]}}],"collection":[{"href":"https:\/\/www.rebbon.sk\/cz\/wp-json\/wp\/v2\/pages"}],"about":[{"href":"https:\/\/www.rebbon.sk\/cz\/wp-json\/wp\/v2\/types\/page"}],"author":[{"embeddable":true,"href":"https:\/\/www.rebbon.sk\/cz\/wp-json\/wp\/v2\/users\/3"}],"replies":[{"embeddable":true,"href":"https:\/\/www.rebbon.sk\/cz\/wp-json\/wp\/v2\/comments?post=815"}],"version-history":[{"count":0,"href":"https:\/\/www.rebbon.sk\/cz\/wp-json\/wp\/v2\/pages\/815\/revisions"}],"wp:featuredmedia":[{"embeddable":true,"href":"https:\/\/www.rebbon.sk\/cz\/wp-json\/wp\/v2\/media\/661"}],"wp:attachment":[{"href":"https:\/\/www.rebbon.sk\/cz\/wp-json\/wp\/v2\/media?parent=815"}],"curies":[{"name":"wp","href":"https:\/\/api.w.org\/{rel}","templated":true}]}}