{"id":817,"date":"2021-03-16T16:07:48","date_gmt":"2021-03-16T15:07:48","guid":{"rendered":"https:\/\/www.rebbon.sk\/reference\/"},"modified":"2024-08-07T08:24:28","modified_gmt":"2024-08-07T06:24:28","slug":"reference","status":"publish","type":"page","link":"https:\/\/www.rebbon.sk\/cz\/reference\/","title":{"rendered":"Reference"},"content":{"rendered":"<div id=\"pl-817\"  class=\"panel-layout\" ><div id=\"pg-817-0\"  class=\"panel-grid panel-no-style\" ><div id=\"pgc-817-0-0\"  class=\"panel-grid-cell\" ><div id=\"panel-817-0-0-0\" class=\"so-panel widget widget_sow-editor panel-first-child panel-last-child\" data-index=\"0\" ><div class=\"so-widget-sow-editor so-widget-sow-editor-base\">\n<div class=\"siteorigin-widget-tinymce textwidget\">\n\t<h2 style=\"text-align: left;\">Odb\u011bratel\u00e9<\/h2>\n<\/div>\n<\/div><\/div><\/div><\/div><div id=\"pg-817-1\"  class=\"panel-grid panel-no-style\" ><div id=\"pgc-817-1-0\"  class=\"panel-grid-cell\" ><div id=\"panel-817-1-0-0\" class=\"so-panel widget widget_sow-editor panel-first-child panel-last-child\" data-index=\"1\" ><div class=\"so-widget-sow-editor so-widget-sow-editor-base\">\n<div class=\"siteorigin-widget-tinymce textwidget\">\n\t<h4>\u017dOS Trnava, a.s.<\/h4>\n<p>Koniarekova 19<br \/>\n917 21 Trnava<\/p>\n<p><a href=\"https:\/\/www.zostt.sk\/\" target=\"_blank\" rel=\"noopener\">www.zostt.sk<\/a><\/p>\n<p><img loading=\"lazy\" decoding=\"async\" width=\"180\" height=\"89\" class=\"alignnone size-full wp-image-1117\" src=\"https:\/\/www.rebbon.sk\/wp-content\/uploads\/2024\/08\/zos-trnava-logo.png\" alt=\"\" \/><\/p>\n<\/div>\n<\/div><\/div><\/div><div id=\"pgc-817-1-1\"  class=\"panel-grid-cell\" ><div id=\"panel-817-1-1-0\" class=\"so-panel widget widget_sow-editor panel-first-child panel-last-child\" data-index=\"2\" ><div class=\"so-widget-sow-editor so-widget-sow-editor-base\">\n<div class=\"siteorigin-widget-tinymce textwidget\">\n\t<h4>\u017delezni\u010dn\u00e9 opravovne a stroj\u00e1rne Zvolen, a.s.<\/h4>\n<p>M\u00f4\u0165ovsk\u00e1 cesta 259\/11<br \/>\n960 03 Zvolen<\/p>\n<p><a href=\"http:\/\/www.zoszv.sk\/\" target=\"_blank\" rel=\"noopener\">www.zoszv.sk<\/a><\/p>\n<p><img loading=\"lazy\" decoding=\"async\" width=\"180\" height=\"89\" class=\"alignnone size-full wp-image-1105\" src=\"https:\/\/www.rebbon.sk\/wp-content\/uploads\/2024\/08\/zos-zvolen.png\" alt=\"\" \/><\/p>\n<\/div>\n<\/div><\/div><\/div><div id=\"pgc-817-1-2\"  class=\"panel-grid-cell panel-grid-cell-mobile-last\" ><div id=\"panel-817-1-2-0\" class=\"so-panel widget widget_sow-editor panel-first-child panel-last-child\" data-index=\"3\" ><div class=\"so-widget-sow-editor so-widget-sow-editor-base\">\n<div class=\"siteorigin-widget-tinymce textwidget\">\n\t<h4>SLOVAKTUAL, s.r.o.<\/h4>\n<p>Pravenec 272<br \/>\n972 16 Pravenec<\/p>\n<p><a href=\"http:\/\/www.slovaktual.sk\">www.slovaktual.sk<\/a><\/p>\n<p><img loading=\"lazy\" decoding=\"async\" width=\"180\" height=\"89\" class=\"alignnone size-full wp-image-1111\" src=\"https:\/\/www.rebbon.sk\/wp-content\/uploads\/2024\/08\/slovaktual-logo.png\" alt=\"\" \/><\/p>\n<\/div>\n<\/div><\/div><\/div><div id=\"pgc-817-1-3\"  class=\"panel-grid-cell panel-grid-cell-empty\" ><\/div><\/div><div id=\"pg-817-2\"  class=\"panel-grid panel-no-style\" ><div id=\"pgc-817-2-0\"  class=\"panel-grid-cell\" ><div id=\"panel-817-2-0-0\" class=\"so-panel widget widget_sow-editor panel-first-child panel-last-child\" data-index=\"4\" ><div class=\"so-widget-sow-editor so-widget-sow-editor-base\">\n<div class=\"siteorigin-widget-tinymce textwidget\">\n\t<h2 style=\"text-align: left;\">Prodejci<\/h2>\n<\/div>\n<\/div><\/div><\/div><\/div><div id=\"pg-817-3\"  class=\"panel-grid panel-no-style\" ><div id=\"pgc-817-3-0\"  class=\"panel-grid-cell\" ><div id=\"panel-817-3-0-0\" class=\"so-panel widget widget_sow-editor panel-first-child panel-last-child\" data-index=\"5\" ><div class=\"so-widget-sow-editor so-widget-sow-editor-base\">\n<div class=\"siteorigin-widget-tinymce textwidget\">\n\t<h4>UNIMAX VG s.r.o.<\/h4>\n<p><a href=\"http:\/\/unimaxvg.sk\/\" target=\"_blank\" rel=\"noopener\">www.unimaxvg.sk<\/a><\/p>\n<\/div>\n<\/div><\/div><\/div><div id=\"pgc-817-3-1\"  class=\"panel-grid-cell\" ><div id=\"panel-817-3-1-0\" class=\"so-panel widget widget_sow-editor panel-first-child panel-last-child\" data-index=\"6\" ><div class=\"so-widget-sow-editor so-widget-sow-editor-base\">\n<div class=\"siteorigin-widget-tinymce textwidget\">\n\t<h4>Stavebniny T&amp;B SK, s.r.o.<\/h4>\n<p><a href=\"https:\/\/www.stavebninyprievidza.sk\/\" target=\"_blank\" rel=\"noopener\">www.stavebninyprievidza.sk<\/a><\/p>\n<\/div>\n<\/div><\/div><\/div><div id=\"pgc-817-3-2\"  class=\"panel-grid-cell\" ><div id=\"panel-817-3-2-0\" class=\"so-panel widget widget_sow-editor panel-first-child panel-last-child\" data-index=\"7\" ><div class=\"so-widget-sow-editor so-widget-sow-editor-base\">\n<div class=\"siteorigin-widget-tinymce textwidget\">\n\t<h4>\u017deleziarstvo Domov<\/h4>\n<p><a href=\"https:\/\/www.zeleziarstvodomov.sk\/kontakt-zeleziarstvo-zeleziarstvodomov\" target=\"_blank\" rel=\"noopener\">www.zeleziarstvodomov.sk<\/a><\/p>\n<\/div>\n<\/div><\/div><\/div><div id=\"pgc-817-3-3\"  class=\"panel-grid-cell\" ><div id=\"panel-817-3-3-0\" class=\"so-panel widget widget_sow-editor panel-first-child panel-last-child\" data-index=\"8\" ><div class=\"so-widget-sow-editor so-widget-sow-editor-base\">\n<div class=\"siteorigin-widget-tinymce textwidget\">\n\t<h4>\u017deleziarstvo STOBER<\/h4>\n<p><a href=\"http:\/\/www.zeleziarstvo-stober.sk\/\" target=\"_blank\" rel=\"noopener\">www.zeleziarstvo-stober.sk<\/a><\/p>\n<\/div>\n<\/div><\/div><\/div><\/div><div id=\"pg-817-4\"  class=\"panel-grid panel-no-style\" ><div id=\"pgc-817-4-0\"  class=\"panel-grid-cell\" ><div id=\"panel-817-4-0-0\" class=\"so-panel widget widget_sow-editor panel-first-child panel-last-child\" data-index=\"9\" ><div class=\"so-widget-sow-editor so-widget-sow-editor-base\">\n<div class=\"siteorigin-widget-tinymce textwidget\">\n\t<h4>MK Mar\u010dek - Autolaky, farby, laky<\/h4>\n<p><a href=\"https:\/\/www.farbyautolaky.sk\/kontakt\/\" target=\"_blank\" rel=\"noopener\">www.farbyautolaky.sk<\/a><\/p>\n<\/div>\n<\/div><\/div><\/div><div id=\"pgc-817-4-1\"  class=\"panel-grid-cell\" ><div id=\"panel-817-4-1-0\" class=\"so-panel widget widget_sow-editor panel-first-child panel-last-child\" data-index=\"10\" ><div class=\"so-widget-sow-editor so-widget-sow-editor-base\">\n<div class=\"siteorigin-widget-tinymce textwidget\">\n\t<h4>STAVEBNINY HAYDEN<\/h4>\n<p><a href=\"http:\/\/www.stavebninyhayden.sk\" target=\"_blank\" rel=\"noopener\">www.stavebninyhayden.sk<\/a><\/p>\n<\/div>\n<\/div><\/div><\/div><div id=\"pgc-817-4-2\"  class=\"panel-grid-cell\" ><div id=\"panel-817-4-2-0\" class=\"so-panel widget widget_sow-editor panel-first-child panel-last-child\" data-index=\"11\" ><div class=\"so-widget-sow-editor so-widget-sow-editor-base\">\n<div class=\"siteorigin-widget-tinymce textwidget\">\n\t<h4>GLOBO s.r.o.<\/h4>\n<p><a href=\"https:\/\/farbylakyglobo.wixsite.com\/globo\" target=\"_blank\" rel=\"noopener\">www.farbylakyglobo.wixsite.com<\/a><\/p>\n<\/div>\n<\/div><\/div><\/div><div id=\"pgc-817-4-3\"  class=\"panel-grid-cell\" ><div id=\"panel-817-4-3-0\" class=\"so-panel widget widget_sow-editor panel-first-child panel-last-child\" data-index=\"12\" ><div class=\"so-widget-sow-editor so-widget-sow-editor-base\">\n<div class=\"siteorigin-widget-tinymce textwidget\">\n\t<h4>HELA - Farby, laky, omietky, tapety<\/h4>\n<p><a href=\"https:\/\/www.farbyhela.sk\" target=\"_blank\" rel=\"noopener\">www.farbyhela.sk<\/a><\/p>\n<\/div>\n<\/div><\/div><\/div><\/div><div id=\"pg-817-5\"  class=\"panel-grid panel-no-style\" ><div id=\"pgc-817-5-0\"  class=\"panel-grid-cell\" ><div id=\"panel-817-5-0-0\" class=\"so-panel widget widget_sow-editor panel-first-child panel-last-child\" data-index=\"13\" ><div class=\"so-widget-sow-editor so-widget-sow-editor-base\">\n<div class=\"siteorigin-widget-tinymce textwidget\">\n\t<h4>POMAT - R\u00f3bert Pol\u00e1\u010dek<\/h4>\n<p><a href=\"https:\/\/www.pomat.sk\" target=\"_blank\" rel=\"noopener\">www.pomat.sk<\/a><\/p>\n<\/div>\n<\/div><\/div><\/div><div id=\"pgc-817-5-1\"  class=\"panel-grid-cell\" ><div id=\"panel-817-5-1-0\" class=\"so-panel widget widget_sow-editor panel-first-child panel-last-child\" data-index=\"14\" ><div class=\"so-widget-sow-editor so-widget-sow-editor-base\">\n<div class=\"siteorigin-widget-tinymce textwidget\">\n\t<h4>MICOLOR s.r.o. - farby, laky<\/h4>\n<p><a href=\"https:\/\/www.micolor.sk\" target=\"_blank\" rel=\"noopener\">www.micolor.sk<\/a><\/p>\n<\/div>\n<\/div><\/div><\/div><div id=\"pgc-817-5-2\"  class=\"panel-grid-cell\" ><div id=\"panel-817-5-2-0\" class=\"so-panel widget widget_sow-editor panel-first-child panel-last-child\" data-index=\"15\" ><div class=\"so-widget-sow-editor so-widget-sow-editor-base\">\n<div class=\"siteorigin-widget-tinymce textwidget\">\n\t<h4>Ben\u00e1tCentrum, spol. s r.o.<\/h4>\n<p><a href=\"https:\/\/www.benat.sk\" target=\"_blank\" rel=\"noopener\">www.benat.sk<\/a><\/p>\n<\/div>\n<\/div><\/div><\/div><div id=\"pgc-817-5-3\"  class=\"panel-grid-cell\" ><div id=\"panel-817-5-3-0\" class=\"so-panel widget widget_sow-editor panel-first-child panel-last-child\" data-index=\"16\" ><div class=\"so-widget-sow-editor so-widget-sow-editor-base\">\n<div class=\"siteorigin-widget-tinymce textwidget\">\n\t<h4>Stavebniny Dado<\/h4>\n<p><a href=\"https:\/\/www.stavebninydado.sk\" target=\"_blank\" rel=\"noopener\">www.stavebninydado.sk<\/a><\/p>\n<\/div>\n<\/div><\/div><\/div><\/div><div id=\"pg-817-6\"  class=\"panel-grid panel-no-style\" ><div id=\"pgc-817-6-0\"  class=\"panel-grid-cell\" ><div id=\"panel-817-6-0-0\" class=\"so-panel widget widget_sow-editor panel-first-child panel-last-child\" data-index=\"17\" ><div class=\"so-widget-sow-editor so-widget-sow-editor-base\">\n<div class=\"siteorigin-widget-tinymce textwidget\">\n\t<h4>Ivan Mundier IMKROV<\/h4>\n<p><a href=\"https:\/\/www.az-domazahrada.sk\" target=\"_blank\" rel=\"noopener\">www.az-domazahrada.sk<\/a><\/p>\n<\/div>\n<\/div><\/div><\/div><div id=\"pgc-817-6-1\"  class=\"panel-grid-cell\" ><div id=\"panel-817-6-1-0\" class=\"so-panel widget widget_sow-editor panel-first-child panel-last-child\" data-index=\"18\" ><div class=\"so-widget-sow-editor so-widget-sow-editor-base\">\n<div class=\"siteorigin-widget-tinymce textwidget\">\n\t<h4>AQUAKOR STAVEBNINY s.r.o.<\/h4>\n<p><a href=\"http:\/\/www.aquakorstavebniny.sk\" target=\"_blank\" rel=\"noopener\">www.aquakorstavebniny.sk<\/a><\/p>\n<\/div>\n<\/div><\/div><\/div><div id=\"pgc-817-6-2\"  class=\"panel-grid-cell\" ><div id=\"panel-817-6-2-0\" class=\"so-panel widget widget_sow-editor panel-first-child panel-last-child\" data-index=\"19\" ><div class=\"so-widget-sow-editor so-widget-sow-editor-base\">\n<div class=\"siteorigin-widget-tinymce textwidget\">\n\t<h4>ADMPS s.r.o. \u2013 Obyce<\/h4>\n<p><a href=\"https:\/\/admps.sk\/\" target=\"_blank\" rel=\"noopener\">www.admps.sk<\/a><\/p>\n<\/div>\n<\/div><\/div><\/div><div id=\"pgc-817-6-3\"  class=\"panel-grid-cell\" ><div id=\"panel-817-6-3-0\" class=\"so-panel widget widget_sow-editor panel-first-child panel-last-child\" data-index=\"20\" ><div class=\"so-widget-sow-editor so-widget-sow-editor-base\">\n<div class=\"siteorigin-widget-tinymce textwidget\">\n\t<h4>COLOR DECOR spol. s.r.o.<\/h4>\n<p><a href=\"http:\/\/www.colordecor.sk\" target=\"_blank\" rel=\"noopener\">www.colordecor.sk<\/a><\/p>\n<\/div>\n<\/div><\/div><\/div><\/div><div id=\"pg-817-7\"  class=\"panel-grid panel-no-style\" ><div id=\"pgc-817-7-0\"  class=\"panel-grid-cell\" ><div id=\"panel-817-7-0-0\" class=\"so-panel widget widget_sow-editor panel-first-child panel-last-child\" data-index=\"21\" ><div class=\"so-widget-sow-editor so-widget-sow-editor-base\">\n<div class=\"siteorigin-widget-tinymce textwidget\">\n\t<h4>PETER EISENHARDT - STAVEBNINY UNI<\/h4>\n<p><a href=\"https:\/\/www.stavebninyuni.sk\" target=\"_blank\" rel=\"noopener\">www.stavebninyuni.sk<\/a><\/p>\n<\/div>\n<\/div><\/div><\/div><div id=\"pgc-817-7-1\"  class=\"panel-grid-cell\" ><div id=\"panel-817-7-1-0\" class=\"so-panel widget widget_sow-editor panel-first-child panel-last-child\" data-index=\"22\" ><div class=\"so-widget-sow-editor so-widget-sow-editor-base\">\n<div class=\"siteorigin-widget-tinymce textwidget\">\n\t<h4>Stavebniny IDEA<\/h4>\n<p><a href=\"http:\/\/www.kreditstav.sk\" target=\"_blank\" rel=\"noopener\">www.kreditstav.sk<\/a><\/p>\n<\/div>\n<\/div><\/div><\/div><div id=\"pgc-817-7-2\"  class=\"panel-grid-cell\" ><div id=\"panel-817-7-2-0\" class=\"so-panel widget widget_sow-editor panel-first-child panel-last-child\" data-index=\"23\" ><div class=\"so-widget-sow-editor so-widget-sow-editor-base\">\n<div class=\"siteorigin-widget-tinymce textwidget\">\n\t<h4>Miroslav Blah\u00fat - FARBY, LAKY<\/h4>\n<\/div>\n<\/div><\/div><\/div><div id=\"pgc-817-7-3\"  class=\"panel-grid-cell\" ><div id=\"panel-817-7-3-0\" class=\"so-panel widget widget_sow-editor panel-first-child panel-last-child\" data-index=\"24\" ><div class=\"so-widget-sow-editor so-widget-sow-editor-base\">\n<div class=\"siteorigin-widget-tinymce textwidget\">\n\t<h4>PROFIPAINT<\/h4>\n<p><a href=\"https:\/\/www.profipaint.sk\" target=\"_blank\" rel=\"noopener\">www.profipaint.sk<\/a><\/p>\n<\/div>\n<\/div><\/div><\/div><\/div><div id=\"pg-817-8\"  class=\"panel-grid panel-no-style\" ><div id=\"pgc-817-8-0\"  class=\"panel-grid-cell\" ><div id=\"panel-817-8-0-0\" class=\"so-panel widget widget_sow-editor panel-first-child panel-last-child\" data-index=\"25\" ><div class=\"so-widget-sow-editor so-widget-sow-editor-base\">\n<div class=\"siteorigin-widget-tinymce textwidget\">\n\t<h4>SAN MARCO SK s.r.o.<\/h4>\n<p><a href=\"https:\/\/www.sanmarco.sk\" target=\"_blank\" rel=\"noopener\">www.sanmarco.sk<\/a><\/p>\n<\/div>\n<\/div><\/div><\/div><div id=\"pgc-817-8-1\"  class=\"panel-grid-cell\" ><div id=\"panel-817-8-1-0\" class=\"so-panel widget widget_sow-editor panel-first-child panel-last-child\" data-index=\"26\" ><div class=\"so-widget-sow-editor so-widget-sow-editor-base\">\n<div class=\"siteorigin-widget-tinymce textwidget\">\n\t<h4>COLORSTAV-TEAM, s.r.o.<\/h4>\n<\/div>\n<\/div><\/div><\/div><div id=\"pgc-817-8-2\"  class=\"panel-grid-cell\" ><div id=\"panel-817-8-2-0\" class=\"so-panel widget widget_sow-editor panel-first-child panel-last-child\" data-index=\"27\" ><div class=\"so-widget-sow-editor so-widget-sow-editor-base\">\n<div class=\"siteorigin-widget-tinymce textwidget\">\n\t<h4>JUBE<\/h4>\n<p><a href=\"https:\/\/www.nabytkove.sk\" target=\"_blank\" rel=\"noopener\">www.nabytkove.sk<\/a><\/p>\n<\/div>\n<\/div><\/div><\/div><div id=\"pgc-817-8-3\"  class=\"panel-grid-cell\" ><div id=\"panel-817-8-3-0\" class=\"so-panel widget widget_sow-editor panel-first-child panel-last-child\" data-index=\"28\" ><div class=\"so-widget-sow-editor so-widget-sow-editor-base\">\n<div class=\"siteorigin-widget-tinymce textwidget\">\n\t<h4>KR\u00c1\u013dOVI\u010c s.r.o.<\/h4>\n<p><a href=\"http:\/\/kralovicsro.sk\/\" target=\"_blank\" rel=\"noopener\">www.kralovicsro.sk<\/a><\/p>\n<\/div>\n<\/div><\/div><\/div><\/div><div id=\"pg-817-9\"  class=\"panel-grid panel-no-style\" ><div id=\"pgc-817-9-0\"  class=\"panel-grid-cell\" ><div id=\"panel-817-9-0-0\" class=\"so-panel widget widget_sow-editor panel-first-child panel-last-child\" data-index=\"29\" ><div class=\"so-widget-sow-editor so-widget-sow-editor-base\">\n<div class=\"siteorigin-widget-tinymce textwidget\">\n\t<h4>MIE\u0160ACIE CENTRUM SK s.r.o.<\/h4>\n<p><a href=\"https:\/\/www.miesaciecentrum.sk\" target=\"_blank\" rel=\"noopener\">www.miesaciecentrum.sk<\/a><\/p>\n<\/div>\n<\/div><\/div><\/div><div id=\"pgc-817-9-1\"  class=\"panel-grid-cell\" ><div id=\"panel-817-9-1-0\" class=\"so-panel widget widget_sow-editor panel-first-child panel-last-child\" data-index=\"30\" ><div class=\"so-widget-sow-editor so-widget-sow-editor-base\">\n<div class=\"siteorigin-widget-tinymce textwidget\">\n\t<h4>D\u00e9e Sz-Decor<\/h4>\n<p><a href=\"http:\/\/www.facebook.com\/profile.php?id=100092674309213\" target=\"_blank\" rel=\"noopener\">Facebook <\/a>D\u00e9e Sz-Decor<\/p>\n<p>&nbsp;<\/p>\n<\/div>\n<\/div><\/div><\/div><div id=\"pgc-817-9-2\"  class=\"panel-grid-cell\" ><div id=\"panel-817-9-2-0\" class=\"so-panel widget widget_sow-editor panel-first-child panel-last-child\" data-index=\"31\" ><div class=\"so-widget-sow-editor so-widget-sow-editor-base\">\n<div class=\"siteorigin-widget-tinymce textwidget\">\n\t<h4>RENOSTAV PLUS, s.r.o.<\/h4>\n<p><a href=\"https:\/\/www.renostav.sk\" target=\"_blank\" rel=\"noopener\">www.renostav.sk<\/a><\/p>\n<\/div>\n<\/div><\/div><\/div><div id=\"pgc-817-9-3\"  class=\"panel-grid-cell\" ><div id=\"panel-817-9-3-0\" class=\"so-panel widget widget_sow-editor panel-first-child panel-last-child\" data-index=\"32\" ><div class=\"so-widget-sow-editor so-widget-sow-editor-base\">\n<div class=\"siteorigin-widget-tinymce textwidget\">\n\t<h4>SYMAX s.r.o.<\/h4>\n<\/div>\n<\/div><\/div><\/div><\/div><div id=\"pg-817-10\"  class=\"panel-grid panel-no-style\" ><div id=\"pgc-817-10-0\"  class=\"panel-grid-cell\" ><div id=\"panel-817-10-0-0\" class=\"so-panel widget widget_sow-editor panel-first-child panel-last-child\" data-index=\"33\" ><div class=\"so-widget-sow-editor so-widget-sow-editor-base\">\n<div class=\"siteorigin-widget-tinymce textwidget\">\n\t<h4>BAUTEAM, s.r.o.<\/h4>\n<p><a href=\"http:\/\/bauteam.sk\/\" target=\"_blank\" rel=\"noopener\">www.bauteam.sk<\/a><\/p>\n<\/div>\n<\/div><\/div><\/div><div id=\"pgc-817-10-1\"  class=\"panel-grid-cell\" ><div id=\"panel-817-10-1-0\" class=\"so-panel widget widget_sow-editor panel-first-child panel-last-child\" data-index=\"34\" ><div class=\"so-widget-sow-editor so-widget-sow-editor-base\">\n<div class=\"siteorigin-widget-tinymce textwidget\">\n\t<h4>STAV - REAL VH, s.r.o.<\/h4>\n<p><a href=\"https:\/\/www.stav-real.sk\" target=\"_blank\" rel=\"noopener\">www.stav-real.sk<\/a><\/p>\n<\/div>\n<\/div><\/div><\/div><div id=\"pgc-817-10-2\"  class=\"panel-grid-cell\" ><div id=\"panel-817-10-2-0\" class=\"so-panel widget widget_sow-editor panel-first-child panel-last-child\" data-index=\"35\" ><div class=\"so-widget-sow-editor so-widget-sow-editor-base\">\n<div class=\"siteorigin-widget-tinymce textwidget\">\n\t<h4>Ing. Du\u0161an Baranec N.B.D.<\/h4>\n<p><a href=\"https:\/\/www.nbd.sk\/\" target=\"_blank\" rel=\"noopener\">https:\/\/www.nbd.sk\/<\/a><\/p>\n<\/div>\n<\/div><\/div><\/div><div id=\"pgc-817-10-3\"  class=\"panel-grid-cell\" ><div id=\"panel-817-10-3-0\" class=\"so-panel widget widget_sow-editor panel-first-child panel-last-child\" data-index=\"36\" ><div class=\"so-widget-sow-editor so-widget-sow-editor-base\">\n<div class=\"siteorigin-widget-tinymce textwidget\">\n\t<h4>BAUERIA<\/h4>\n<p><a href=\"https:\/\/www.baueria.sk\/\" target=\"_blank\" rel=\"noopener\">https:\/\/www.baueria.sk\/<\/a><\/p>\n<\/div>\n<\/div><\/div><\/div><\/div><div id=\"pg-817-11\"  class=\"panel-grid panel-no-style\" ><div id=\"pgc-817-11-0\"  class=\"panel-grid-cell\" ><div id=\"panel-817-11-0-0\" class=\"so-panel widget widget_sow-editor panel-first-child panel-last-child\" data-index=\"37\" ><div class=\"so-widget-sow-editor so-widget-sow-editor-base\">\n<div class=\"siteorigin-widget-tinymce textwidget\">\n\t<h4>PERMAL s.r.o.<\/h4>\n<p><a href=\"https:\/\/permal.sk\/\" target=\"_blank\" rel=\"noopener\">https:\/\/permal.sk\/<\/a><\/p>\n<\/div>\n<\/div><\/div><\/div><div id=\"pgc-817-11-1\"  class=\"panel-grid-cell\" ><div id=\"panel-817-11-1-0\" class=\"so-panel widget widget_sow-editor panel-first-child panel-last-child\" data-index=\"38\" ><div class=\"so-widget-sow-editor so-widget-sow-editor-base\">\n<div class=\"siteorigin-widget-tinymce textwidget\">\n\t<h4>SANN s.r.o.<\/h4>\n<p><a href=\"https:\/\/www.sannsro.sk\/\" target=\"_blank\" rel=\"noopener\">https:\/\/www.sannsro.sk\/<\/a><\/p>\n<\/div>\n<\/div><\/div><\/div><div id=\"pgc-817-11-2\"  class=\"panel-grid-cell panel-grid-cell-empty panel-grid-cell-mobile-last\" ><\/div><div id=\"pgc-817-11-3\"  class=\"panel-grid-cell panel-grid-cell-empty\" ><\/div><\/div><\/div>","protected":false},"excerpt":{"rendered":"<p>Odb\u011bratel\u00e9 \u017dOS Trnava, a.s. Koniarekova 19 917 21 Trnava www.zostt.sk \u017delezni\u010dn\u00e9 opravovne a stroj\u00e1rne Zvolen, a.s. M\u00f4\u0165ovsk\u00e1 cesta 259\/11 960 03 Zvolen www.zoszv.sk SLOVAKTUAL, s.r.o. Pravenec 272 972 16 Pravenec www.slovaktual.sk<\/p>\n","protected":false},"author":3,"featured_media":646,"parent":0,"menu_order":0,"comment_status":"closed","ping_status":"closed","template":"","meta":{"footnotes":""},"class_list":["post-817","page","type-page","status-publish","has-post-thumbnail","hentry"],"yoast_head":"<!-- This site is optimized with the Yoast SEO plugin v16.0.1 - https:\/\/yoast.com\/wordpress\/plugins\/seo\/ -->\n<link rel=\"canonical\" href=\"https:\/\/www.rebbon.sk\/cz\/reference\/\" \/>\n<meta property=\"og:locale\" content=\"en_US\" \/>\n<meta property=\"og:type\" content=\"article\" \/>\n<meta property=\"og:title\" content=\"Reference - Rebbon\u00ae\" \/>\n<meta property=\"og:description\" content=\"Odb\u011bratel\u00e9 \u017dOS Trnava, a.s. Koniarekova 19 917 21 Trnava www.zostt.sk \u017delezni\u010dn\u00e9 opravovne a stroj\u00e1rne Zvolen, a.s. M\u00f4\u0165ovsk\u00e1 cesta 259\/11 960 03 Zvolen www.zoszv.sk SLOVAKTUAL, s.r.o. Pravenec 272 972 16 Pravenec www.slovaktual.sk\" \/>\n<meta property=\"og:url\" content=\"https:\/\/www.rebbon.sk\/cz\/reference\/\" \/>\n<meta property=\"og:site_name\" content=\"Rebbon\u00ae\" \/>\n<meta property=\"article:modified_time\" content=\"2024-08-07T06:24:28+00:00\" \/>\n<meta property=\"og:image\" content=\"https:\/\/www.rebbon.sk\/wp-content\/uploads\/2021\/03\/cabinet-tv-modern-living-room-with-armchair-lamp-table-flower-plant-concrete-wall-3d-rendering-2.jpg\" \/>\n\t<meta property=\"og:image:width\" content=\"2000\" \/>\n\t<meta property=\"og:image:height\" content=\"1000\" \/>\n<meta name=\"twitter:card\" content=\"summary_large_image\" \/>\n<meta name=\"twitter:label1\" content=\"Est. reading time\">\n\t<meta name=\"twitter:data1\" content=\"2 minutes\">\n<script type=\"application\/ld+json\" class=\"yoast-schema-graph\">{\"@context\":\"https:\/\/schema.org\",\"@graph\":[{\"@type\":\"WebSite\",\"@id\":\"https:\/\/www.rebbon.sk\/cz\/#website\",\"url\":\"https:\/\/www.rebbon.sk\/cz\/\",\"name\":\"Rebbon\\u00ae\",\"description\":\"\",\"potentialAction\":[{\"@type\":\"SearchAction\",\"target\":\"https:\/\/www.rebbon.sk\/cz\/?s={search_term_string}\",\"query-input\":\"required name=search_term_string\"}],\"inLanguage\":\"cz-CZ\"},{\"@type\":\"ImageObject\",\"@id\":\"https:\/\/www.rebbon.sk\/cz\/reference\/#primaryimage\",\"inLanguage\":\"cz-CZ\",\"url\":\"https:\/\/www.rebbon.sk\/wp-content\/uploads\/2021\/03\/cabinet-tv-modern-living-room-with-armchair-lamp-table-flower-plant-concrete-wall-3d-rendering-2.jpg\",\"width\":2000,\"height\":1000,\"caption\":\"Cabinet TV in modern living room with armchair,lamp,table,flower and plant on concrete wall background,3d rendering\"},{\"@type\":\"WebPage\",\"@id\":\"https:\/\/www.rebbon.sk\/cz\/reference\/#webpage\",\"url\":\"https:\/\/www.rebbon.sk\/cz\/reference\/\",\"name\":\"Reference - Rebbon\\u00ae\",\"isPartOf\":{\"@id\":\"https:\/\/www.rebbon.sk\/cz\/#website\"},\"primaryImageOfPage\":{\"@id\":\"https:\/\/www.rebbon.sk\/cz\/reference\/#primaryimage\"},\"datePublished\":\"2021-03-16T15:07:48+00:00\",\"dateModified\":\"2024-08-07T06:24:28+00:00\",\"breadcrumb\":{\"@id\":\"https:\/\/www.rebbon.sk\/cz\/reference\/#breadcrumb\"},\"inLanguage\":\"cz-CZ\",\"potentialAction\":[{\"@type\":\"ReadAction\",\"target\":[\"https:\/\/www.rebbon.sk\/cz\/reference\/\"]}]},{\"@type\":\"BreadcrumbList\",\"@id\":\"https:\/\/www.rebbon.sk\/cz\/reference\/#breadcrumb\",\"itemListElement\":[{\"@type\":\"ListItem\",\"position\":1,\"item\":{\"@type\":\"WebPage\",\"@id\":\"https:\/\/www.rebbon.sk\/cz\/reference\/\",\"url\":\"https:\/\/www.rebbon.sk\/cz\/reference\/\",\"name\":\"Reference\"}}]}]}<\/script>\n<!-- \/ Yoast SEO plugin. -->","_links":{"self":[{"href":"https:\/\/www.rebbon.sk\/cz\/wp-json\/wp\/v2\/pages\/817","targetHints":{"allow":["GET"]}}],"collection":[{"href":"https:\/\/www.rebbon.sk\/cz\/wp-json\/wp\/v2\/pages"}],"about":[{"href":"https:\/\/www.rebbon.sk\/cz\/wp-json\/wp\/v2\/types\/page"}],"author":[{"embeddable":true,"href":"https:\/\/www.rebbon.sk\/cz\/wp-json\/wp\/v2\/users\/3"}],"replies":[{"embeddable":true,"href":"https:\/\/www.rebbon.sk\/cz\/wp-json\/wp\/v2\/comments?post=817"}],"version-history":[{"count":3,"href":"https:\/\/www.rebbon.sk\/cz\/wp-json\/wp\/v2\/pages\/817\/revisions"}],"predecessor-version":[{"id":1122,"href":"https:\/\/www.rebbon.sk\/cz\/wp-json\/wp\/v2\/pages\/817\/revisions\/1122"}],"wp:featuredmedia":[{"embeddable":true,"href":"https:\/\/www.rebbon.sk\/cz\/wp-json\/wp\/v2\/media\/646"}],"wp:attachment":[{"href":"https:\/\/www.rebbon.sk\/cz\/wp-json\/wp\/v2\/media?parent=817"}],"curies":[{"name":"wp","href":"https:\/\/api.w.org\/{rel}","templated":true}]}}