{"id":840,"date":"2021-03-17T08:00:08","date_gmt":"2021-03-17T07:00:08","guid":{"rendered":"https:\/\/www.rebbon.sk\/ueber-die-marke\/"},"modified":"2021-03-17T08:00:08","modified_gmt":"2021-03-17T07:00:08","slug":"ueber-die-marke","status":"publish","type":"page","link":"https:\/\/www.rebbon.sk\/de\/ueber-die-marke\/","title":{"rendered":"\u00dcber die Marke"},"content":{"rendered":"<div id=\"pl-840\"  class=\"panel-layout\" ><div id=\"pg-840-0\"  class=\"panel-grid panel-no-style\" ><div id=\"pgc-840-0-0\"  class=\"panel-grid-cell\" ><div id=\"panel-840-0-0-0\" class=\"so-panel widget widget_sow-editor panel-first-child panel-last-child\" data-index=\"0\" ><div class=\"so-widget-sow-editor so-widget-sow-editor-base\">\n<div class=\"siteorigin-widget-tinymce textwidget\">\n\t<div>\n<h2><span class=\"jlqj4b\">Unsere Produkte zeichnen sich durch hohe Qualit\u00e4t aus. <\/span><\/h2>\n<p><span class=\"jlqj4b\">Wir sind st\u00e4ndig bem\u00fcht, unser Portfolio zu erweitern und zu verbessern. Unsere Abdeckb\u00e4nder m\u00fcssen den Anforderungen der Aufgabe entsprechen und ihren beabsichtigten Zweck erf\u00fcllen, um gute Abdeckb\u00e4nder zu sein. <\/span><\/p>\n<\/div>\n<div>\n<p>&nbsp;<\/p>\n<\/div>\n<\/div>\n<\/div><\/div><\/div><div id=\"pgc-840-0-1\"  class=\"panel-grid-cell\" ><div id=\"panel-840-0-1-0\" class=\"so-panel widget widget_sow-image panel-first-child panel-last-child\" data-index=\"1\" ><div class=\"so-widget-sow-image so-widget-sow-image-default-d6014b76747a\">\n\n<div class=\"sow-image-container\">\n\t<img loading=\"lazy\" decoding=\"async\" src=\"https:\/\/www.rebbon.sk\/wp-content\/uploads\/2021\/03\/interior-has-armchair-empty-white-wall-background.jpg\" width=\"2000\" height=\"1500\" srcset=\"https:\/\/www.rebbon.sk\/wp-content\/uploads\/2021\/03\/interior-has-armchair-empty-white-wall-background.jpg 2000w, https:\/\/www.rebbon.sk\/wp-content\/uploads\/2021\/03\/interior-has-armchair-empty-white-wall-background-300x225.jpg 300w, https:\/\/www.rebbon.sk\/wp-content\/uploads\/2021\/03\/interior-has-armchair-empty-white-wall-background-1024x768.jpg 1024w, https:\/\/www.rebbon.sk\/wp-content\/uploads\/2021\/03\/interior-has-armchair-empty-white-wall-background-768x576.jpg 768w, https:\/\/www.rebbon.sk\/wp-content\/uploads\/2021\/03\/interior-has-armchair-empty-white-wall-background-1536x1152.jpg 1536w, https:\/\/www.rebbon.sk\/wp-content\/uploads\/2021\/03\/interior-has-armchair-empty-white-wall-background-480x360.jpg 480w, https:\/\/www.rebbon.sk\/wp-content\/uploads\/2021\/03\/interior-has-armchair-empty-white-wall-background-992x744.jpg 992w, https:\/\/www.rebbon.sk\/wp-content\/uploads\/2021\/03\/interior-has-armchair-empty-white-wall-background-1200x900.jpg 1200w\" sizes=\"auto, (max-width: 2000px) 100vw, 2000px\" title=\"The interior has a armchair on empty white wall background,3D rendering\" alt=\"\" \t\tclass=\"so-widget-image\"\/>\n<\/div>\n\n<\/div><\/div><\/div><\/div><div id=\"pg-840-1\"  class=\"panel-grid panel-has-style\" ><div class=\"panel-row-style panel-row-style-for-840-1\" ><div id=\"pgc-840-1-0\"  class=\"panel-grid-cell\" ><div id=\"panel-840-1-0-0\" class=\"so-panel widget widget_sow-image panel-first-child panel-last-child\" data-index=\"2\" ><div class=\"so-widget-sow-image so-widget-sow-image-default-d6014b76747a\">\n\n<div class=\"sow-image-container\">\n\t<img loading=\"lazy\" decoding=\"async\" src=\"https:\/\/www.rebbon.sk\/wp-content\/uploads\/2021\/03\/Group-26-1.jpg\" width=\"1173\" height=\"714\" srcset=\"https:\/\/www.rebbon.sk\/wp-content\/uploads\/2021\/03\/Group-26-1.jpg 1173w, https:\/\/www.rebbon.sk\/wp-content\/uploads\/2021\/03\/Group-26-1-300x183.jpg 300w, https:\/\/www.rebbon.sk\/wp-content\/uploads\/2021\/03\/Group-26-1-1024x623.jpg 1024w, https:\/\/www.rebbon.sk\/wp-content\/uploads\/2021\/03\/Group-26-1-768x467.jpg 768w, https:\/\/www.rebbon.sk\/wp-content\/uploads\/2021\/03\/Group-26-1-480x292.jpg 480w, https:\/\/www.rebbon.sk\/wp-content\/uploads\/2021\/03\/Group-26-1-992x604.jpg 992w\" sizes=\"auto, (max-width: 1173px) 100vw, 1173px\" title=\"Group-26\" alt=\"\" \t\tclass=\"so-widget-image\"\/>\n<\/div>\n\n<\/div><\/div><\/div><div id=\"pgc-840-1-1\"  class=\"panel-grid-cell\" ><div id=\"panel-840-1-1-0\" class=\"so-panel widget widget_sow-editor panel-first-child panel-last-child\" data-index=\"3\" ><div class=\"so-widget-sow-editor so-widget-sow-editor-base\">\n<div class=\"siteorigin-widget-tinymce textwidget\">\n\t<div>\n<p><strong><span class=\"jlqj4b\">F\u00fcr Profis bieten wir hochwertige Abdeckb\u00e4nder an, die die t\u00e4gliche Arbeit von Handwerkern erleichtern und bestm\u00f6gliche Ergebnisse und zufriedene Kunden bringen. <\/span><\/strong><\/p>\n<p><span class=\"jlqj4b\">Unsere Abdeckb\u00e4nder optimieren Prozesse, erf\u00fcllen hohe Anforderungen und Industriestandards. Unser Ziel ist die Rationalisierung der Arbeitsprozesse, wodurch unsere Kunden die Zeit und das Geld sparen k\u00f6nnen.<\/span><\/p>\n<\/div>\n<div>\n<h3><\/h3>\n<\/div>\n<\/div>\n<\/div><\/div><\/div><\/div><\/div><div id=\"pg-840-2\"  class=\"panel-grid panel-no-style\" ><div id=\"pgc-840-2-0\"  class=\"panel-grid-cell panel-grid-cell-empty\" ><\/div><div id=\"pgc-840-2-1\"  class=\"panel-grid-cell panel-grid-cell-mobile-last\" ><div id=\"panel-840-2-1-0\" class=\"so-panel widget widget_sow-editor panel-first-child panel-last-child\" data-index=\"4\" ><div class=\"so-widget-sow-editor so-widget-sow-editor-base\">\n<div class=\"siteorigin-widget-tinymce textwidget\">\n\t<h3 style=\"text-align: center;\"><span class=\"jlqj4b\">Wir bieten Oberfl\u00e4chenabdeckungsl\u00f6sungen nicht nur f\u00fcr Profis, sondern auch f\u00fcr Haushalte. Sie sind ein wertvoller und zuverl\u00e4ssiger Helfer in Alltagssituationen, die Sie leicht bew\u00e4ltigen k\u00f6nnen.<\/span><\/h3>\n<\/div>\n<\/div><\/div><\/div><div id=\"pgc-840-2-2\"  class=\"panel-grid-cell panel-grid-cell-empty\" ><\/div><\/div><\/div>","protected":false},"excerpt":{"rendered":"<p>Unsere Produkte zeichnen sich durch hohe Qualit\u00e4t aus. Wir sind st\u00e4ndig bem\u00fcht, unser Portfolio zu erweitern und zu verbessern. Unsere Abdeckb\u00e4nder m\u00fcssen den Anforderungen der Aufgabe entsprechen und ihren beabsichtigten Zweck erf\u00fcllen, um gute Abdeckb\u00e4nder zu sein. &nbsp; F\u00fcr Profis bieten wir hochwertige Abdeckb\u00e4nder an, die die t\u00e4gliche Arbeit von Handwerkern erleichtern und bestm\u00f6gliche Ergebnisse [&hellip;]<\/p>\n","protected":false},"author":3,"featured_media":662,"parent":0,"menu_order":0,"comment_status":"closed","ping_status":"closed","template":"","meta":{"footnotes":""},"class_list":["post-840","page","type-page","status-publish","has-post-thumbnail","hentry"],"yoast_head":"<!-- This site is optimized with the Yoast SEO plugin v16.0.1 - https:\/\/yoast.com\/wordpress\/plugins\/seo\/ -->\n<meta name=\"description\" content=\"Rebbon-Abdeckb\u00e4nder zeichnen sich durch hohe Qualit\u00e4t aus und wir erweitern und verbessern die Produktpalette st\u00e4ndig.\" \/>\n<link rel=\"canonical\" href=\"https:\/\/www.rebbon.sk\/de\/ueber-die-marke\/\" \/>\n<meta property=\"og:locale\" content=\"de_DE\" \/>\n<meta property=\"og:type\" content=\"article\" \/>\n<meta property=\"og:title\" content=\"\u00dcber die Marke - Rebbon\u00ae\" \/>\n<meta property=\"og:description\" content=\"Rebbon-Abdeckb\u00e4nder zeichnen sich durch hohe Qualit\u00e4t aus und wir erweitern und verbessern die Produktpalette st\u00e4ndig.\" \/>\n<meta property=\"og:url\" content=\"https:\/\/www.rebbon.sk\/de\/ueber-die-marke\/\" \/>\n<meta property=\"og:site_name\" content=\"Rebbon\u00ae\" \/>\n<meta property=\"og:image\" content=\"https:\/\/www.rebbon.sk\/wp-content\/uploads\/2021\/03\/the-interior-has-a-yellow-armchair-on-empty-gray-wall.jpg\" \/>\n\t<meta property=\"og:image:width\" content=\"2000\" \/>\n\t<meta property=\"og:image:height\" content=\"1125\" \/>\n<meta name=\"twitter:card\" content=\"summary_large_image\" \/>\n<script type=\"application\/ld+json\" class=\"yoast-schema-graph\">{\"@context\":\"https:\/\/schema.org\",\"@graph\":[{\"@type\":\"WebSite\",\"@id\":\"https:\/\/www.rebbon.sk\/de\/#website\",\"url\":\"https:\/\/www.rebbon.sk\/de\/\",\"name\":\"Rebbon\\u00ae\",\"description\":\"\",\"potentialAction\":[{\"@type\":\"SearchAction\",\"target\":\"https:\/\/www.rebbon.sk\/de\/?s={search_term_string}\",\"query-input\":\"required name=search_term_string\"}],\"inLanguage\":\"de\"},{\"@type\":\"ImageObject\",\"@id\":\"https:\/\/www.rebbon.sk\/de\/ueber-die-marke\/#primaryimage\",\"inLanguage\":\"de\",\"url\":\"https:\/\/www.rebbon.sk\/wp-content\/uploads\/2021\/03\/the-interior-has-a-yellow-armchair-on-empty-gray-wall.jpg\",\"width\":2000,\"height\":1125},{\"@type\":\"WebPage\",\"@id\":\"https:\/\/www.rebbon.sk\/de\/ueber-die-marke\/#webpage\",\"url\":\"https:\/\/www.rebbon.sk\/de\/ueber-die-marke\/\",\"name\":\"\\u00dcber die Marke - Rebbon\\u00ae\",\"isPartOf\":{\"@id\":\"https:\/\/www.rebbon.sk\/de\/#website\"},\"primaryImageOfPage\":{\"@id\":\"https:\/\/www.rebbon.sk\/de\/ueber-die-marke\/#primaryimage\"},\"datePublished\":\"2021-03-17T07:00:08+00:00\",\"dateModified\":\"2021-03-17T07:00:08+00:00\",\"description\":\"Rebbon-Abdeckb\\u00e4nder zeichnen sich durch hohe Qualit\\u00e4t aus und wir erweitern und verbessern die Produktpalette st\\u00e4ndig.\",\"breadcrumb\":{\"@id\":\"https:\/\/www.rebbon.sk\/de\/ueber-die-marke\/#breadcrumb\"},\"inLanguage\":\"de\",\"potentialAction\":[{\"@type\":\"ReadAction\",\"target\":[\"https:\/\/www.rebbon.sk\/de\/ueber-die-marke\/\"]}]},{\"@type\":\"BreadcrumbList\",\"@id\":\"https:\/\/www.rebbon.sk\/de\/ueber-die-marke\/#breadcrumb\",\"itemListElement\":[{\"@type\":\"ListItem\",\"position\":1,\"item\":{\"@type\":\"WebPage\",\"@id\":\"https:\/\/www.rebbon.sk\/de\/ueber-die-marke\/\",\"url\":\"https:\/\/www.rebbon.sk\/de\/ueber-die-marke\/\",\"name\":\"\\u00dcber die Marke\"}}]}]}<\/script>\n<!-- \/ Yoast SEO plugin. -->","_links":{"self":[{"href":"https:\/\/www.rebbon.sk\/de\/wp-json\/wp\/v2\/pages\/840","targetHints":{"allow":["GET"]}}],"collection":[{"href":"https:\/\/www.rebbon.sk\/de\/wp-json\/wp\/v2\/pages"}],"about":[{"href":"https:\/\/www.rebbon.sk\/de\/wp-json\/wp\/v2\/types\/page"}],"author":[{"embeddable":true,"href":"https:\/\/www.rebbon.sk\/de\/wp-json\/wp\/v2\/users\/3"}],"replies":[{"embeddable":true,"href":"https:\/\/www.rebbon.sk\/de\/wp-json\/wp\/v2\/comments?post=840"}],"version-history":[{"count":1,"href":"https:\/\/www.rebbon.sk\/de\/wp-json\/wp\/v2\/pages\/840\/revisions"}],"predecessor-version":[{"id":1069,"href":"https:\/\/www.rebbon.sk\/de\/wp-json\/wp\/v2\/pages\/840\/revisions\/1069"}],"wp:featuredmedia":[{"embeddable":true,"href":"https:\/\/www.rebbon.sk\/de\/wp-json\/wp\/v2\/media\/662"}],"wp:attachment":[{"href":"https:\/\/www.rebbon.sk\/de\/wp-json\/wp\/v2\/media?parent=840"}],"curies":[{"name":"wp","href":"https:\/\/api.w.org\/{rel}","templated":true}]}}