{"id":870,"date":"2021-03-17T08:00:08","date_gmt":"2021-03-17T07:00:08","guid":{"rendered":"https:\/\/www.rebbon.sk\/o-brendu\/"},"modified":"2021-03-17T08:00:08","modified_gmt":"2021-03-17T07:00:08","slug":"o-brendu","status":"publish","type":"page","link":"https:\/\/www.rebbon.sk\/hr\/o-brendu\/","title":{"rendered":"O brendu"},"content":{"rendered":"<div id=\"pl-870\"  class=\"panel-layout\" ><div id=\"pg-870-0\"  class=\"panel-grid panel-no-style\" ><div id=\"pgc-870-0-0\"  class=\"panel-grid-cell\" ><div id=\"panel-870-0-0-0\" class=\"so-panel widget widget_sow-editor panel-first-child panel-last-child\" data-index=\"0\" ><div class=\"so-widget-sow-editor so-widget-sow-editor-base\">\n<div class=\"siteorigin-widget-tinymce textwidget\">\n\t<div>\n<h2><span class=\"jlqj4b\">Na\u0161e proizvode odlikuje visoka kvaliteta. <\/span><\/h2>\n<p><span class=\"jlqj4b\">Konstantno nastojimo pro\u0161iriti i unaprijediti njihov spektar. Traka mora zadovoljiti zahtjeve posla i ispuniti svoju namjenu da bi bila dobra traka. <\/span><\/p>\n<\/div>\n<div>\n<p>&nbsp;<\/p>\n<\/div>\n<\/div>\n<\/div><\/div><\/div><div id=\"pgc-870-0-1\"  class=\"panel-grid-cell\" ><div id=\"panel-870-0-1-0\" class=\"so-panel widget widget_sow-image panel-first-child panel-last-child\" data-index=\"1\" ><div class=\"so-widget-sow-image so-widget-sow-image-default-d6014b76747a\">\n\n<div class=\"sow-image-container\">\n\t<img loading=\"lazy\" decoding=\"async\" src=\"https:\/\/www.rebbon.sk\/wp-content\/uploads\/2021\/03\/interior-has-armchair-empty-white-wall-background.jpg\" width=\"2000\" height=\"1500\" srcset=\"https:\/\/www.rebbon.sk\/wp-content\/uploads\/2021\/03\/interior-has-armchair-empty-white-wall-background.jpg 2000w, https:\/\/www.rebbon.sk\/wp-content\/uploads\/2021\/03\/interior-has-armchair-empty-white-wall-background-300x225.jpg 300w, https:\/\/www.rebbon.sk\/wp-content\/uploads\/2021\/03\/interior-has-armchair-empty-white-wall-background-1024x768.jpg 1024w, https:\/\/www.rebbon.sk\/wp-content\/uploads\/2021\/03\/interior-has-armchair-empty-white-wall-background-768x576.jpg 768w, https:\/\/www.rebbon.sk\/wp-content\/uploads\/2021\/03\/interior-has-armchair-empty-white-wall-background-1536x1152.jpg 1536w, https:\/\/www.rebbon.sk\/wp-content\/uploads\/2021\/03\/interior-has-armchair-empty-white-wall-background-480x360.jpg 480w, https:\/\/www.rebbon.sk\/wp-content\/uploads\/2021\/03\/interior-has-armchair-empty-white-wall-background-992x744.jpg 992w, https:\/\/www.rebbon.sk\/wp-content\/uploads\/2021\/03\/interior-has-armchair-empty-white-wall-background-1200x900.jpg 1200w\" sizes=\"auto, (max-width: 2000px) 100vw, 2000px\" title=\"The interior has a armchair on empty white wall background,3D rendering\" alt=\"\" \t\tclass=\"so-widget-image\"\/>\n<\/div>\n\n<\/div><\/div><\/div><\/div><div id=\"pg-870-1\"  class=\"panel-grid panel-has-style\" ><div class=\"panel-row-style panel-row-style-for-870-1\" ><div id=\"pgc-870-1-0\"  class=\"panel-grid-cell\" ><div id=\"panel-870-1-0-0\" class=\"so-panel widget widget_sow-image panel-first-child panel-last-child\" data-index=\"2\" ><div class=\"so-widget-sow-image so-widget-sow-image-default-d6014b76747a\">\n\n<div class=\"sow-image-container\">\n\t<img loading=\"lazy\" decoding=\"async\" src=\"https:\/\/www.rebbon.sk\/wp-content\/uploads\/2021\/03\/Group-26-1.jpg\" width=\"1173\" height=\"714\" srcset=\"https:\/\/www.rebbon.sk\/wp-content\/uploads\/2021\/03\/Group-26-1.jpg 1173w, https:\/\/www.rebbon.sk\/wp-content\/uploads\/2021\/03\/Group-26-1-300x183.jpg 300w, https:\/\/www.rebbon.sk\/wp-content\/uploads\/2021\/03\/Group-26-1-1024x623.jpg 1024w, https:\/\/www.rebbon.sk\/wp-content\/uploads\/2021\/03\/Group-26-1-768x467.jpg 768w, https:\/\/www.rebbon.sk\/wp-content\/uploads\/2021\/03\/Group-26-1-480x292.jpg 480w, https:\/\/www.rebbon.sk\/wp-content\/uploads\/2021\/03\/Group-26-1-992x604.jpg 992w\" sizes=\"auto, (max-width: 1173px) 100vw, 1173px\" title=\"Group-26\" alt=\"\" \t\tclass=\"so-widget-image\"\/>\n<\/div>\n\n<\/div><\/div><\/div><div id=\"pgc-870-1-1\"  class=\"panel-grid-cell\" ><div id=\"panel-870-1-1-0\" class=\"so-panel widget widget_sow-editor panel-first-child panel-last-child\" data-index=\"3\" ><div class=\"so-widget-sow-editor so-widget-sow-editor-base\">\n<div class=\"siteorigin-widget-tinymce textwidget\">\n\t<div>\n<p><strong><span class=\"jlqj4b\">Za profesionalce nudimo visokokvalitetne ljepljive trake koje olak\u0161avaju svakodnevni rad obrtnika i donose najbolje mogu\u0107e rezultate i zadovoljne klijente. <\/span><\/strong><\/p>\n<p><span class=\"jlqj4b\">Optimiziraju procese, ispunjavaju visoke zahtjeve i industrijske standarde. Na\u0161 cilj je uvijek radni proces u\u010diniti u\u010dinkovitijim, \u010dime klijentima \u0161tedimo vrijeme i novac.<\/span><\/p>\n<\/div>\n<div>\n<h3><\/h3>\n<\/div>\n<\/div>\n<\/div><\/div><\/div><\/div><\/div><div id=\"pg-870-2\"  class=\"panel-grid panel-no-style\" ><div id=\"pgc-870-2-0\"  class=\"panel-grid-cell panel-grid-cell-empty\" ><\/div><div id=\"pgc-870-2-1\"  class=\"panel-grid-cell panel-grid-cell-mobile-last\" ><div id=\"panel-870-2-1-0\" class=\"so-panel widget widget_sow-editor panel-first-child panel-last-child\" data-index=\"4\" ><div class=\"so-widget-sow-editor so-widget-sow-editor-base\">\n<div class=\"siteorigin-widget-tinymce textwidget\">\n\t<h3 style=\"text-align: center;\"><span class=\"jlqj4b\">Donosimo rje\u0161enja za maskiranje povr\u0161ina ne samo za profesionalce, ve\u0107 i za ku\u0107anstva. Vrijedan su i pouzdan pomaga\u010d u svakodnevnim situacijama s kojima se lako nosite.<\/span><\/h3>\n<\/div>\n<\/div><\/div><\/div><div id=\"pgc-870-2-2\"  class=\"panel-grid-cell panel-grid-cell-empty\" ><\/div><\/div><\/div>","protected":false},"excerpt":{"rendered":"<p>Na\u0161e proizvode odlikuje visoka kvaliteta. Konstantno nastojimo pro\u0161iriti i unaprijediti njihov spektar. Traka mora zadovoljiti zahtjeve posla i ispuniti svoju namjenu da bi bila dobra traka. &nbsp; Za profesionalce nudimo visokokvalitetne ljepljive trake koje olak\u0161avaju svakodnevni rad obrtnika i donose najbolje mogu\u0107e rezultate i zadovoljne klijente. Optimiziraju procese, ispunjavaju visoke zahtjeve i industrijske standarde. Na\u0161 [&hellip;]<\/p>\n","protected":false},"author":3,"featured_media":660,"parent":0,"menu_order":0,"comment_status":"closed","ping_status":"closed","template":"","meta":{"footnotes":""},"class_list":["post-870","page","type-page","status-publish","has-post-thumbnail","hentry"],"yoast_head":"<!-- This site is optimized with the Yoast SEO plugin v16.0.1 - https:\/\/yoast.com\/wordpress\/plugins\/seo\/ -->\n<meta name=\"description\" content=\"Rebbon maskirne trake odlikuje se visokom kvalitetom, a njihov asortiman stalno pro\u0161irujemo i usavr\u0161avamo.\" \/>\n<link rel=\"canonical\" href=\"https:\/\/www.rebbon.sk\/hr\/o-brendu\/\" \/>\n<meta property=\"og:locale\" content=\"hr_HR\" \/>\n<meta property=\"og:type\" content=\"article\" \/>\n<meta property=\"og:title\" content=\"O brendu - Rebbon\u00ae\" \/>\n<meta property=\"og:description\" content=\"Rebbon maskirne trake odlikuje se visokom kvalitetom, a njihov asortiman stalno pro\u0161irujemo i usavr\u0161avamo.\" \/>\n<meta property=\"og:url\" content=\"https:\/\/www.rebbon.sk\/hr\/o-brendu\/\" \/>\n<meta property=\"og:site_name\" content=\"Rebbon\u00ae\" \/>\n<meta property=\"og:image\" content=\"https:\/\/www.rebbon.sk\/wp-content\/uploads\/2021\/03\/the-interior-has-a-yellow-armchair-on-empty-gray-wall.jpg\" \/>\n\t<meta property=\"og:image:width\" content=\"2000\" \/>\n\t<meta property=\"og:image:height\" content=\"1125\" \/>\n<meta name=\"twitter:card\" content=\"summary_large_image\" \/>\n<script type=\"application\/ld+json\" class=\"yoast-schema-graph\">{\"@context\":\"https:\/\/schema.org\",\"@graph\":[{\"@type\":\"WebSite\",\"@id\":\"https:\/\/www.rebbon.sk\/hr\/#website\",\"url\":\"https:\/\/www.rebbon.sk\/hr\/\",\"name\":\"Rebbon\\u00ae\",\"description\":\"\",\"potentialAction\":[{\"@type\":\"SearchAction\",\"target\":\"https:\/\/www.rebbon.sk\/hr\/?s={search_term_string}\",\"query-input\":\"required name=search_term_string\"}],\"inLanguage\":\"hr\"},{\"@type\":\"ImageObject\",\"@id\":\"https:\/\/www.rebbon.sk\/hr\/o-brendu\/#primaryimage\",\"inLanguage\":\"hr\",\"url\":\"https:\/\/www.rebbon.sk\/wp-content\/uploads\/2021\/03\/the-interior-has-a-yellow-armchair-on-empty-gray-wall.jpg\",\"width\":2000,\"height\":1125},{\"@type\":\"WebPage\",\"@id\":\"https:\/\/www.rebbon.sk\/hr\/o-brendu\/#webpage\",\"url\":\"https:\/\/www.rebbon.sk\/hr\/o-brendu\/\",\"name\":\"O brendu - Rebbon\\u00ae\",\"isPartOf\":{\"@id\":\"https:\/\/www.rebbon.sk\/hr\/#website\"},\"primaryImageOfPage\":{\"@id\":\"https:\/\/www.rebbon.sk\/hr\/o-brendu\/#primaryimage\"},\"datePublished\":\"2021-03-17T07:00:08+00:00\",\"dateModified\":\"2021-03-17T07:00:08+00:00\",\"description\":\"Rebbon maskirne trake odlikuje se visokom kvalitetom, a njihov asortiman stalno pro\\u0161irujemo i usavr\\u0161avamo.\",\"breadcrumb\":{\"@id\":\"https:\/\/www.rebbon.sk\/hr\/o-brendu\/#breadcrumb\"},\"inLanguage\":\"hr\",\"potentialAction\":[{\"@type\":\"ReadAction\",\"target\":[\"https:\/\/www.rebbon.sk\/hr\/o-brendu\/\"]}]},{\"@type\":\"BreadcrumbList\",\"@id\":\"https:\/\/www.rebbon.sk\/hr\/o-brendu\/#breadcrumb\",\"itemListElement\":[{\"@type\":\"ListItem\",\"position\":1,\"item\":{\"@type\":\"WebPage\",\"@id\":\"https:\/\/www.rebbon.sk\/hr\/o-brendu\/\",\"url\":\"https:\/\/www.rebbon.sk\/hr\/o-brendu\/\",\"name\":\"O brendu\"}}]}]}<\/script>\n<!-- \/ Yoast SEO plugin. -->","_links":{"self":[{"href":"https:\/\/www.rebbon.sk\/hr\/wp-json\/wp\/v2\/pages\/870","targetHints":{"allow":["GET"]}}],"collection":[{"href":"https:\/\/www.rebbon.sk\/hr\/wp-json\/wp\/v2\/pages"}],"about":[{"href":"https:\/\/www.rebbon.sk\/hr\/wp-json\/wp\/v2\/types\/page"}],"author":[{"embeddable":true,"href":"https:\/\/www.rebbon.sk\/hr\/wp-json\/wp\/v2\/users\/3"}],"replies":[{"embeddable":true,"href":"https:\/\/www.rebbon.sk\/hr\/wp-json\/wp\/v2\/comments?post=870"}],"version-history":[{"count":0,"href":"https:\/\/www.rebbon.sk\/hr\/wp-json\/wp\/v2\/pages\/870\/revisions"}],"wp:featuredmedia":[{"embeddable":true,"href":"https:\/\/www.rebbon.sk\/hr\/wp-json\/wp\/v2\/media\/660"}],"wp:attachment":[{"href":"https:\/\/www.rebbon.sk\/hr\/wp-json\/wp\/v2\/media?parent=870"}],"curies":[{"name":"wp","href":"https:\/\/api.w.org\/{rel}","templated":true}]}}